{"id":28182,"date":"2025-05-02T15:07:56","date_gmt":"2025-05-02T20:07:56","guid":{"rendered":"https:\/\/www.wisconsin.edu\/ohrwd\/benefits\/?page_id=28182"},"modified":"2025-05-28T16:19:54","modified_gmt":"2025-05-28T21:19:54","slug":"403b-spanish","status":"publish","type":"page","link":"https:\/\/www.wisconsin.edu\/ohrwd\/benefits\/ret\/srp\/403b-spanish\/","title":{"rendered":"UW 403(b) Supplemental Retirement Program &#8211; Spanish Resources"},"content":{"rendered":"\n\t\t\t\t\t<div id=\"cfct-build-28182\" class=\"cfct-build grid\">\n\t\t\t\t\t\t<div class=\"row\"><div class=\"col-md-12 cfct-block\">\n\t\t\t<div class=\"cfct-module uwsa-rich-text\">\n\t\t\t\t<div class=\"cfct-mod-content copy\"><h3>TIAA Resources<\/h3>\n<ul>\n<li><span class=\"doc-icon\"><a class=\"doc-type pdf\" href=\"https:\/\/www.wisconsin.edu\/ohrwd\/benefits\/download\/Preparacion-para-la-Jubilacion.pdf\" target=\"_blank\">Preparaci\u00f3n para la Jubilaci\u00f3n<span class=\"sr-only\"> pdf<\/span><\/a><\/span>\r\n<\/li>\n<li><span class=\"doc-icon\"><a class=\"doc-type pdf\" href=\"https:\/\/www.wisconsin.edu\/ohrwd\/benefits\/download\/Planifique-su-futuro-con-confianza.pdf\" target=\"_blank\">Planifique su Futuro con Confianza<span class=\"sr-only\"> pdf<\/span><\/a><\/span>\r\n<\/li>\n<\/ul>\n<h3>Fidelity Resources &amp; Webinars<\/h3>\n<ul>\n<li><a href=\"https:\/\/www.howyoumoneytips.com\/espanol\">V\u00eddeo Cortos<\/a><\/li>\n<li><a href=\"https:\/\/www.brainshark.com\/fidelityemg\/ConozcaFidelity\">Conozca a Fidelity y los Pr\u00f3ximos Pasos Para Tomar Hoy<\/a>\n<ul>\n<li>Este taller le ayudar\u00e1 a entender c\u00f3mo sacar el provecho m\u00e1ximo de su nueva cuenta con Fidelity.<\/li>\n<\/ul>\n<\/li>\n<li><a href=\"https:\/\/www.brainshark.com\/fidelityemg\/EmpieceAhora\">Empiece Ahora y Ahorre para Su Futuro<\/a>\n<ul>\n<li>Este taller le ayudar\u00e1 a inscribirse en su plan 401 (k) y determinar cu\u00e1nto ahorrar para su jubilaci\u00f3n.<\/li>\n<\/ul>\n<\/li>\n<li><a href=\"https:\/\/www.brainshark.com\/fidelityemg\/IdentifiqueyPriorice\">Identifique y Priorice Sus Metas de Ahorros<\/a>\n<ul>\n<li>Este taller le ayudar\u00e1 a empezar a pensar en las metas de ahorro que son importantes para usted y entender c\u00f3mo puedes lograrlas.<\/li>\n<\/ul>\n<\/li>\n<li><a href=\"https:\/\/www.brainshark.com\/fidelityemg\/Deelprimerpaso\">D\u00e9 el Primer Paso Hacia la Inversion<\/a>\n<ul>\n<li>Este taller est\u00e1 dise\u00f1ado para los participantes que est\u00e1n actualmente inscritos en su plan y est\u00e1n buscando ayuda para crear una mezcla de inversiones adecuada a trav\u00e9s de la asignaci\u00f3n de activos y la diversificaci\u00f3n.<\/li>\n<\/ul>\n<\/li>\n<li><a href=\"https:\/\/www.brainshark.com\/fidelityemg\/ComoNavegarVolatilidad\">C\u00f3mo Atravesar la Inestabilidad del Mercado<\/a>\n<ul>\n<li>Este taller est\u00e1 dise\u00f1ado para ayudarlo a manejar mejor la volatilidad del mercado, aprendiendo algunas de las mejores practices de inversi\u00f3n que debe seguir y los errores que debe evitar.<\/li>\n<\/ul>\n<\/li>\n<li><a href=\"http:\/\/www.brainshark.com\/fidelityemg\/AprendaloBasicodeSS\">Aprenda lo B\u00e1sico de Cu\u00e1ndo y C\u00f3mo Reclamar el Seguro Social<\/a>\n<ul>\n<li>Las personas que utilizar\u00e1n el Seguro Social como su principal fuente de ingresos en la jubilaci\u00f3n.<\/li>\n<\/ul>\n<\/li>\n<li><a href=\"https:\/\/www.brainshark.com\/fidelityemg\/CreeunPresupuesto\">Administrar Mi Dinero: Presupuesto, Ahorros de Emergencia y Conceptos B\u00e1sicos de Deuda<\/a>\n<ul>\n<li>Este taller lo educar\u00e1 sobre estrategias, herramientas y consejos para equilibrar el pago de su deuda con el ahorro para sus objectivos futuros.<\/li>\n<\/ul>\n<\/li>\n<\/ul>\n<\/div>\n\t\t\t<\/div>\n\t\t\t<div class=\"cfct-module cfct-divider\">\n\t\t\t\t<hr class=\"\" \/>\n\t\t\t<\/div>\n\t\t\t<div class=\"cfct-module uwsa-rich-text\">\n\t\t\t\t<div class=\"cfct-mod-content copy\"><p>Return to <a href=\"https:\/\/www.wisconsin.edu\/ohrwd\/benefits\/ret\/srp\/\">UW 403(b) Supplemental Retirement Program Homepage<\/a>.<\/p>\n<\/div>\n\t\t\t<\/div>\n\t\t\t<div class=\"cfct-module cfct-divider\">\n\t\t\t\t<hr class=\"\" \/>\n\t\t\t<\/div>\n\t\t\t<div class=\"cfct-module cfct-lastupdate\">\n\t\t\t\t<div class=\"listing-module\"><p><span class=\"item-date\">Updated: 05\/28\/2025<\/span><\/p><\/div>\n\t\t\t<\/div><\/div><\/div>\n\t\t\t\t\t<\/div>\n\t\t\t\t\t","protected":false},"excerpt":{"rendered":"","protected":false},"author":6151,"featured_media":0,"parent":1244,"menu_order":0,"comment_status":"closed","ping_status":"closed","template":"","meta":{"footnotes":""},"class_list":["post-28182","page","type-page","status-publish","hentry","cfct-can-haz-build"],"_links":{"self":[{"href":"https:\/\/www.wisconsin.edu\/ohrwd\/benefits\/wp-json\/wp\/v2\/pages\/28182","targetHints":{"allow":["GET"]}}],"collection":[{"href":"https:\/\/www.wisconsin.edu\/ohrwd\/benefits\/wp-json\/wp\/v2\/pages"}],"about":[{"href":"https:\/\/www.wisconsin.edu\/ohrwd\/benefits\/wp-json\/wp\/v2\/types\/page"}],"author":[{"embeddable":true,"href":"https:\/\/www.wisconsin.edu\/ohrwd\/benefits\/wp-json\/wp\/v2\/users\/6151"}],"replies":[{"embeddable":true,"href":"https:\/\/www.wisconsin.edu\/ohrwd\/benefits\/wp-json\/wp\/v2\/comments?post=28182"}],"version-history":[{"count":24,"href":"https:\/\/www.wisconsin.edu\/ohrwd\/benefits\/wp-json\/wp\/v2\/pages\/28182\/revisions"}],"predecessor-version":[{"id":28314,"href":"https:\/\/www.wisconsin.edu\/ohrwd\/benefits\/wp-json\/wp\/v2\/pages\/28182\/revisions\/28314"}],"up":[{"embeddable":true,"href":"https:\/\/www.wisconsin.edu\/ohrwd\/benefits\/wp-json\/wp\/v2\/pages\/1244"}],"wp:attachment":[{"href":"https:\/\/www.wisconsin.edu\/ohrwd\/benefits\/wp-json\/wp\/v2\/media?parent=28182"}],"curies":[{"name":"wp","href":"https:\/\/api.w.org\/{rel}","templated":true}]}}