{"id":14443,"date":"2022-03-09T10:54:42","date_gmt":"2022-03-09T16:54:42","guid":{"rendered":"https:\/\/www.wisconsin.edu\/news\/?page_id=14443"},"modified":"2026-04-30T14:36:47","modified_gmt":"2026-04-30T19:36:47","slug":"uw-news-service","status":"publish","type":"page","link":"https:\/\/www.wisconsin.edu\/news\/uw-news-service\/","title":{"rendered":"Universities of Wisconsin News Service"},"content":{"rendered":"\n\t\t\t\t\t<div id=\"cfct-build-14443\" class=\"cfct-build grid\">\n\t\t\t\t\t\t<div class=\"row\"><div class=\"col-md-3 cfct-block\">\n\t\t\t<div class=\"cfct-module uwsa-callout\">\n\t\t\t\t<div class=\"cfct-mod-content callout standard grey-bg\">\n    <p><strong>The Universities of Wisconsin News Service<\/strong> is a free news and information service for Wisconsin media. Each week, the UW News Service provides up to three text and visual content packages about public higher education in Wisconsin for publication online and in print.<\/p>\n<p>The content is free to use, but UW System retains copyright.\u00a0See <a href=\"https:\/\/www.wisconsin.edu\/news\/uw-news-service\/terms-of-use-for-uw-news-service\/\">guidance on proper attribution and citation<\/a>.<\/p>\n<p>Additional text and visual packages are available for review at <a href=\"https:\/\/www.wisconsin.edu\/all-in-wisconsin\/\">wisconsin.edu\/all-in-wisconsin\/<\/a>.<\/p>\n<p><a class=\"btn btn-primary btn-sm \" role=\"button\" href=\"https:\/\/www.wisconsin.edu\/news\/?p=14452\">Terms of Use<\/a><\/p><\/div>\n\n\t\t\t<\/div><\/div><div class=\"col-md-9 cfct-block\">\n\t\t\t<div class=\"cfct-module cfct-heading\">\n\t\t\t\t<h6 class=\"cfct-mod-title\">News Packages for May 4, 2026<\/h6>\n\t\t\t<\/div>\n\t\t\t<div class=\"cfct-module uwsa-rich-text\">\n\t\t\t\t<div class=\"cfct-mod-content copy\"><div class=\"row\"><div class=\"col-lg-3\"><br \/>\n<a href=\"https:\/\/www.wisconsin.edu\/news\/wp-content\/uploads\/sites\/142\/2026\/04\/UWNS_thumbnail_STO_ukulele_2026-05-04_3x2.jpg\"><img loading=\"lazy\" decoding=\"async\" class=\"alignnone size-full wp-image-23820\" src=\"https:\/\/www.wisconsin.edu\/news\/wp-content\/uploads\/sites\/142\/2026\/04\/UWNS_thumbnail_STO_ukulele_2026-05-04_3x2.jpg\" alt=\"Photo of ukulele being built\" width=\"300\" height=\"200\" \/><\/a><br \/>\n<\/div><br \/>\n<div class=\"col-lg-9\"><\/p>\n<h5><a href=\"https:\/\/nam10.safelinks.protection.outlook.com\/?url=https%3A%2F%2Fwww.uwstout.edu%2Fabout-us%2Fnews-center%2Fmusic-honor-master-ukulele-kits-engineering-students-are-homage-alum-kuboyama&amp;data=05%7C02%7Cmark.pitsch%40wisconsin.edu%7C6ddcad99d73f4f660e2108de9b13dd76%7C18b1f8672df046a08ad305c86000c301%7C0%7C0%7C639118706812272634%7CUnknown%7CTWFpbGZsb3d8eyJFbXB0eU1hcGkiOnRydWUsIlYiOiIwLjAuMDAwMCIsIlAiOiJXaW4zMiIsIkFOIjoiTWFpbCIsIldUIjoyfQ%3D%3D%7C0%7C%7C%7C&amp;sdata=yDQNfWYOlgxgWiUn1yDNyo9hwXVlKvu%2BpHF0ZUQfnIQ%3D&amp;reserved=0\">Music to honor a master: Ukulele kits by engineering students are in homage to alum Kuboyama<\/a><\/h5>\n<p>A small black case rests atop a filing cabinet in Assistant Professor Kevin Dietsche\u2019s office. He opens the case and begins strumming a ukulele. The soft music fills the office. Dietsche, an engineering technology instructor at UW-Stout, built the ukulele 15 years ago under the guidance of Kazukiyo \u201cJiggs\u201d Kuboyama, a UW-Stout alumnus and a master in his craft who was honored by the Ukulele Guild of Hawaii.<\/p>\n<p><strong>Download text and images:<\/strong> <span class=\"doc-icon\"><a class=\"doc-type zip\" href=\"https:\/\/www.wisconsin.edu\/news\/download\/ukulele_UW-Stout_UWNS_2026-05-04.zip\" target=\"_blank\">Ukulele<span class=\"sr-only\"> zip<\/span><\/a><\/span>\r\n<\/p>\n<p><\/div><\/div>\n<\/div>\n\t\t\t<\/div>\n\t\t\t<div class=\"cfct-module uwsa-rich-text\">\n\t\t\t\t<div class=\"cfct-mod-content copy\"><div class=\"row\"><div class=\"col-lg-3\"><\/p>\n<p><a href=\"https:\/\/www.wisconsin.edu\/news\/wp-content\/uploads\/sites\/142\/2026\/04\/UWNS_thumbnail_OSH_2026-05-04_Neenah-Mayor-with-wife3x2.jpg\"><img loading=\"lazy\" decoding=\"async\" class=\"alignnone size-full wp-image-23822\" src=\"https:\/\/www.wisconsin.edu\/news\/wp-content\/uploads\/sites\/142\/2026\/04\/UWNS_thumbnail_OSH_2026-05-04_Neenah-Mayor-with-wife3x2.jpg\" alt=\"Photo of UWO alumnus, now Neenah's new mayor\" width=\"300\" height=\"200\" \/><\/a><br \/>\n<\/div><br \/>\n<div class=\"col-lg-9\"><\/p>\n<h5><a href=\"https:\/\/nam10.safelinks.protection.outlook.com\/?url=https%3A%2F%2Fwww.uwosh.edu%2Ftoday%2F131111%2Ffrom-spring-break-service-to-city-hall-uw-oshkosh-shaped-neenahs-new-mayor%2F&amp;data=05%7C02%7Cmark.pitsch%40wisconsin.edu%7C6ddcad99d73f4f660e2108de9b13dd76%7C18b1f8672df046a08ad305c86000c301%7C0%7C0%7C639118706811855623%7CUnknown%7CTWFpbGZsb3d8eyJFbXB0eU1hcGkiOnRydWUsIlYiOiIwLjAuMDAwMCIsIlAiOiJXaW4zMiIsIkFOIjoiTWFpbCIsIldUIjoyfQ%3D%3D%7C0%7C%7C%7C&amp;sdata=8Ang5X39Pie5ekVM1luhIp%2FmwVhPgm10yhFSyWR3f0o%3D&amp;reserved=0\">From spring break service to City Hall: UW-Oshkosh shaped Neenah\u2019s new mayor<\/a><strong>\u00a0<\/strong><\/h5>\n<p>After nearly two decades in the classroom, UW-Oshkosh alumnus Brian Borchardt is leaving the teaching profession to serve as Neenah\u2019s mayor, following his April 7 election. He was sworn in April 21 at Neenah City Hall.<\/p>\n<p><strong>Download text and images:<\/strong> <span class=\"doc-icon\"><a class=\"doc-type zip\" href=\"https:\/\/www.wisconsin.edu\/news\/download\/new-mayor_UWO_STORY.zip\" target=\"_blank\">Neenah mayor<span class=\"sr-only\"> zip<\/span><\/a><\/span>\r\n<\/p>\n<p><\/div><\/div>\n<\/div>\n\t\t\t<\/div>\n\t\t\t<div class=\"cfct-module uwsa-rich-text\">\n\t\t\t\t<div class=\"cfct-mod-content copy\"><div class=\"row\"><div class=\"col-lg-3\"><br \/>\n<a href=\"https:\/\/www.wisconsin.edu\/news\/wp-content\/uploads\/sites\/142\/2026\/04\/UWNS_thumbnail_2026-05-04_LAX_sculpture-art3x2_jpg.jpg\"><img loading=\"lazy\" decoding=\"async\" class=\"alignnone size-full wp-image-23842\" src=\"https:\/\/www.wisconsin.edu\/news\/wp-content\/uploads\/sites\/142\/2026\/04\/UWNS_thumbnail_2026-05-04_LAX_sculpture-art3x2_jpg.jpg\" alt=\"Photo of guest sculptor with students at UW-La Crosse\" width=\"300\" height=\"200\" \/><\/a><br \/>\n<\/div><br \/>\n<div class=\"col-lg-9\"><\/p>\n<h5><a href=\"https:\/\/nam10.safelinks.protection.outlook.com\/?url=https%3A%2F%2Fwww.uwlax.edu%2Fnews%2Fposts%2Fart-across-disciplines%2F&amp;data=05%7C02%7Cmark.pitsch%40wisconsin.edu%7C6ddcad99d73f4f660e2108de9b13dd76%7C18b1f8672df046a08ad305c86000c301%7C0%7C0%7C639118706811623648%7CUnknown%7CTWFpbGZsb3d8eyJFbXB0eU1hcGkiOnRydWUsIlYiOiIwLjAuMDAwMCIsIlAiOiJXaW4zMiIsIkFOIjoiTWFpbCIsIldUIjoyfQ%3D%3D%7C0%7C%7C%7C&amp;sdata=xI%2BaW8BwHrjh%2F0wldHL9w%2BmmhQZdDS73IsjXgjKj7t8%3D&amp;reserved=0\">Art across disciplines: Internationally recognized sculptor connects with students while creating sustainable work on campus<\/a><\/h5>\n<p>Danny Ness, an art education major and dedicated sculptor, rarely sketches before starting a piece. He doesn\u2019t need to \u2014 he can see the finished work in his mind. But that began to change after he watched Wilay M\u00e9ndez P\u00e1ez, an internationally recognized sculptor, at work. During a campus workshop, M\u00e9ndez P\u00e1ez kept a sketchbook open beside him, a loose outline guiding the sculpture as it took shape.<\/p>\n<p><strong>Download text and images:<\/strong> <span class=\"doc-icon\"><a class=\"doc-type zip\" href=\"https:\/\/www.wisconsin.edu\/news\/download\/art_UWL_UWNS_2026-05-04.zip\" target=\"_blank\">Art across disciplines<span class=\"sr-only\"> zip<\/span><\/a><\/span>\r\n<\/p>\n<p><\/div><\/div>\n<\/div>\n\t\t\t<\/div>\n\t\t\t<div class=\"cfct-module cfct-heading\">\n\t\t\t\t<h6 class=\"cfct-mod-title\">News Packages for April 27, 2026<\/h6>\n\t\t\t<\/div>\n\t\t\t<div class=\"cfct-module uwsa-rich-text\">\n\t\t\t\t<div class=\"cfct-mod-content copy\"><div class=\"row\"><div class=\"col-lg-3\"><\/p>\n<p><a href=\"https:\/\/www.wisconsin.edu\/news\/wp-content\/uploads\/sites\/142\/2026\/04\/UWNS_thumbnail_PLT_2026-04-27_fire-restoration3x2.jpg\"><img loading=\"lazy\" decoding=\"async\" class=\"alignnone size-full wp-image-23791\" src=\"https:\/\/www.wisconsin.edu\/news\/wp-content\/uploads\/sites\/142\/2026\/04\/UWNS_thumbnail_PLT_2026-04-27_fire-restoration3x2.jpg\" alt=\"Photo of UW-Platteville fire restoration work\" width=\"300\" height=\"200\" \/><\/a><\/p>\n<p><\/div><br \/>\n<div class=\"col-lg-9\"><\/p>\n<h5><a href=\"https:\/\/nam10.safelinks.protection.outlook.com\/?url=https%3A%2F%2Fwww.uwplatt.edu%2Fnews%2Fuw-platteville-students-contribute-fire-restoration-efforts-across-wisconsin-and-great-lakes-region&amp;data=05%7C02%7Cmark.pitsch%40wisconsin.edu%7Cc3893192ef884c64c5f108de95968340%7C18b1f8672df046a08ad305c86000c301%7C0%7C0%7C639112670897011659%7CUnknown%7CTWFpbGZsb3d8eyJFbXB0eU1hcGkiOnRydWUsIlYiOiIwLjAuMDAwMCIsIlAiOiJXaW4zMiIsIkFOIjoiTWFpbCIsIldUIjoyfQ%3D%3D%7C0%7C%7C%7C&amp;sdata=kgQC55Xe7kq5sxUuSgiEE1wJ1dibpTleFLyyahXmbK4%3D&amp;reserved=0\">UW-Platteville students contribute to fire restoration efforts across Wisconsin and the Great Lakes Region<\/a><\/h5>\n<p>Students enrolled in Dr. Evan Larson\u2019s Fire Ecology course in the Department of Environmental Sciences and Society participated in a four-day field trip, contributing to projects aimed at reintroducing low-intensity fire to the landscapes of Wisconsin and the Great Lakes Region. Students visited the University of Minnesota Cloquet Forestry Center where they piled and burned woody fuels along a burn break.<\/p>\n<p><strong>Download text and images:<\/strong> <span class=\"doc-icon\"><a class=\"doc-type zip\" href=\"https:\/\/www.wisconsin.edu\/news\/download\/fire-restoration_PLT_UWNS_2026-04-27.zip\" target=\"_blank\">Fire restoration<span class=\"sr-only\"> zip<\/span><\/a><\/span>\r\n<\/p>\n<p><\/div><\/div>\n<\/div>\n\t\t\t<\/div>\n\t\t\t<div class=\"cfct-module uwsa-rich-text\">\n\t\t\t\t<div class=\"cfct-mod-content copy\"><div class=\"row\"><div class=\"col-lg-3\"><\/p>\n<p><a href=\"https:\/\/www.wisconsin.edu\/news\/wp-content\/uploads\/sites\/142\/2026\/04\/UWNS_thumbnail_MIL_2026-04-27_Waves_Choi_AM3x2.jpg\"><img loading=\"lazy\" decoding=\"async\" class=\"alignnone size-full wp-image-23794\" src=\"https:\/\/www.wisconsin.edu\/news\/wp-content\/uploads\/sites\/142\/2026\/04\/UWNS_thumbnail_MIL_2026-04-27_Waves_Choi_AM3x2.jpg\" alt=\"Photo of UWM research\" width=\"300\" height=\"200\" \/><\/a><\/p>\n<p><\/div><br \/>\n<div class=\"col-lg-9\"><\/p>\n<h5><a href=\"https:\/\/nam10.safelinks.protection.outlook.com\/?url=https%3A%2F%2Fuwm.edu%2Fnews%2Fcaptivated-by-research-uwm-student-pursues-career-in-water-quality-and-safety%2F&amp;data=05%7C02%7Cmark.pitsch%40wisconsin.edu%7C899d108f45fe40c5873408de8a81debf%7C18b1f8672df046a08ad305c86000c301%7C0%7C0%7C639100487576532964%7CUnknown%7CTWFpbGZsb3d8eyJFbXB0eU1hcGkiOnRydWUsIlYiOiIwLjAuMDAwMCIsIlAiOiJXaW4zMiIsIkFOIjoiTWFpbCIsIldUIjoyfQ%3D%3D%7C0%7C%7C%7C&amp;sdata=zFMJPTuiUqTOdv%2FhSqs6W7SVi1lDSMWjdqxPVtpkAQg%3D&amp;reserved=0\">Captivated by research, UW=Milwaukee student pursues career in water quality and safety<\/a><\/h5>\n<p>When Jena Choi moved from Los Angeles to Whitefish Bay in middle school, she swapped ocean beaches for freshwater ecosystems. After she enrolled in UW-Milwaukee\u2019s School of Freshwater Sciences, Choi realized the possibilities of lifelong work in water. At UWM, she has made meaningful contributions to lab work, snagging multiple awards for her research analyzing water dynamics and quality.<\/p>\n<p><strong>Download text and images:<\/strong> <span class=\"doc-icon\"><a class=\"doc-type zip\" href=\"https:\/\/www.wisconsin.edu\/news\/download\/water-research_UWM_UWNS_2026-04-27.zip\" target=\"_blank\">Water research<span class=\"sr-only\"> zip<\/span><\/a><\/span>\r\n<\/p>\n<p>&nbsp;<\/p>\n<p><\/div><\/div>\n<\/div>\n\t\t\t<\/div>\n\t\t\t<div class=\"cfct-module uwsa-rich-text\">\n\t\t\t\t<div class=\"cfct-mod-content copy\"><div class=\"row\"><div class=\"col-lg-3\"><br \/>\n<a href=\"https:\/\/www.wisconsin.edu\/news\/wp-content\/uploads\/sites\/142\/2026\/04\/UWNS_thumbnail_STO_2026-04-27_VanceCreekExperientialTherapy3x2.jpg\"><img loading=\"lazy\" decoding=\"async\" class=\"alignnone size-full wp-image-23796\" src=\"https:\/\/www.wisconsin.edu\/news\/wp-content\/uploads\/sites\/142\/2026\/04\/UWNS_thumbnail_STO_2026-04-27_VanceCreekExperientialTherapy3x2.jpg\" alt=\"Photo of UW-Stout alums equine therapy\" width=\"300\" height=\"200\" \/><\/a><br \/>\n<\/div><br \/>\n<div class=\"col-lg-9\"><\/p>\n<h5><a href=\"https:\/\/nam10.safelinks.protection.outlook.com\/?url=https%3A%2F%2Fwww.uwstout.edu%2Fabout-us%2Fnews-center%2Fequine-therapy-gives-clinical-mental-health-students-skills-support-clients-growth&amp;data=05%7C02%7Cmark.pitsch%40wisconsin.edu%7Cc3893192ef884c64c5f108de95968340%7C18b1f8672df046a08ad305c86000c301%7C0%7C0%7C639112670897224152%7CUnknown%7CTWFpbGZsb3d8eyJFbXB0eU1hcGkiOnRydWUsIlYiOiIwLjAuMDAwMCIsIlAiOiJXaW4zMiIsIkFOIjoiTWFpbCIsIldUIjoyfQ%3D%3D%7C0%7C%7C%7C&amp;sdata=xJOjdgz%2BjCNXUnrz4zvb%2BdapmdApxMPLEXZcWoGIOW8%3D&amp;reserved=0\">Equine therapy gives clinical mental health students skills to support clients\u2019 growth<\/a><\/h5>\n<figure class=\"feature-photo\"><figcaption>UW-Stout M.S. clinical mental health counseling student interns use activity-based learning at Vance Creek Experiential Therapy.<\/p>\n<p><strong>Download text and images:<\/strong> <span class=\"doc-icon\"><a class=\"doc-type zip\" href=\"https:\/\/www.wisconsin.edu\/news\/download\/equine-therapy_UW-Stout_UWNS_2026-04-27.zip\" target=\"_blank\">Equine therapy<span class=\"sr-only\"> zip<\/span><\/a><\/span>\r\n<br \/>\n&nbsp;<\/p>\n<\/figcaption><\/figure>\n<p><\/div><\/div>\n<\/div>\n\t\t\t<\/div>\n\t\t\t<div class=\"cfct-module cfct-heading\">\n\t\t\t\t<h6 class=\"cfct-mod-title\">News Packages for April 20, 2026<\/h6>\n\t\t\t<\/div>\n\t\t\t<div class=\"cfct-module uwsa-rich-text\">\n\t\t\t\t<div class=\"cfct-mod-content copy\"><div class=\"row\"><div class=\"col-lg-3\"><\/p>\n<p><a href=\"https:\/\/www.wisconsin.edu\/news\/wp-content\/uploads\/sites\/142\/2026\/04\/UWNS_thumbnail_STP_2026-04-20_leadership_marzia3x2.jpg\"><img loading=\"lazy\" decoding=\"async\" class=\"alignnone size-full wp-image-23754\" src=\"https:\/\/www.wisconsin.edu\/news\/wp-content\/uploads\/sites\/142\/2026\/04\/UWNS_thumbnail_STP_2026-04-20_leadership_marzia3x2.jpg\" alt=\"Photo of UW-Stevens Point student\" width=\"300\" height=\"200\" \/><\/a><\/p>\n<p><\/div><br \/>\n<div class=\"col-lg-9\"><\/p>\n<h5><a href=\"https:\/\/nam10.safelinks.protection.outlook.com\/?url=https%3A%2F%2Fwww.uwsp.edu%2Fnews%2Fmarzia-azimi%2F&amp;data=05%7C02%7Cmark.pitsch%40wisconsin.edu%7C6f89dc1e71d24a5d837108de9012bd84%7C18b1f8672df046a08ad305c86000c301%7C0%7C0%7C639106607342360529%7CUnknown%7CTWFpbGZsb3d8eyJFbXB0eU1hcGkiOnRydWUsIlYiOiIwLjAuMDAwMCIsIlAiOiJXaW4zMiIsIkFOIjoiTWFpbCIsIldUIjoyfQ%3D%3D%7C0%7C%7C%7C&amp;sdata=9%2BV67%2BS1CpbMIv%2F8rq8thBH8sdCQ%2FXbzlJaPnYBuCdE%3D&amp;reserved=0\">UW-Stevens Point student builds leadership through connection and initiative<\/a><\/h5>\n<p>From her first days at the University of Wisconsin-Stevens Point, Marzia Azimi approached college as a space for growth, learning and connection. Like many students navigating a new campus, she encountered unfamiliar environments, expectations and experiences that prompted her to become more intentional about how she showed up, communicated and built relationships.<\/p>\n<p><strong>Download text and images:<\/strong> <span class=\"doc-icon\"><a class=\"doc-type zip\" href=\"https:\/\/www.wisconsin.edu\/news\/download\/leadership_UWSP_UWNS_2026-04-20.zip\" target=\"_blank\">Leadership<span class=\"sr-only\"> zip<\/span><\/a><\/span>\r\n<\/p>\n<p><\/div><\/div>\n<\/div>\n\t\t\t<\/div>\n\t\t\t<div class=\"cfct-module uwsa-rich-text\">\n\t\t\t\t<div class=\"cfct-mod-content copy\"><div class=\"row\"><div class=\"col-lg-3\"><\/p>\n<p><a href=\"https:\/\/www.wisconsin.edu\/news\/wp-content\/uploads\/sites\/142\/2026\/04\/UWNS_thumbnail_WHT_2026-04-20_alum_monica3x2.jpg\"><img loading=\"lazy\" decoding=\"async\" class=\"alignnone size-full wp-image-23757\" src=\"https:\/\/www.wisconsin.edu\/news\/wp-content\/uploads\/sites\/142\/2026\/04\/UWNS_thumbnail_WHT_2026-04-20_alum_monica3x2.jpg\" alt=\"Photo of UW-Whitewater alumna\" width=\"300\" height=\"200\" \/><\/a><br \/>\n<\/div><br \/>\n<div class=\"col-lg-9\"><\/p>\n<h5><a href=\"https:\/\/nam10.safelinks.protection.outlook.com\/?url=https%3A%2F%2Fwww.uww.edu%2Fnews%2Farchive%2F2026-3-warhawk-alum-science-writing&amp;data=05%7C02%7Cmark.pitsch%40wisconsin.edu%7Cdb046a1e0cb84381900108de8512aeab%7C18b1f8672df046a08ad305c86000c301%7C0%7C0%7C639094512545665288%7CUnknown%7CTWFpbGZsb3d8eyJFbXB0eU1hcGkiOnRydWUsIlYiOiIwLjAuMDAwMCIsIlAiOiJXaW4zMiIsIkFOIjoiTWFpbCIsIldUIjoyfQ%3D%3D%7C0%7C%7C%7C&amp;sdata=8YFMBDbS%2BSFGsah%2BgzhnwgsAsHwzfislIALuiR0Xmxs%3D&amp;reserved=0\">Warhawk alum finds niche in science writing<\/a><\/h5>\n<p>Monica Cull, a University of Wisconsin-Whitewater graduate from Hartford, Wisconsin, has always considered herself a writer. Having been drawn to writing travel blogs and other forms of journalistic writing since she was young, she knew that she wanted to go into a career that would allow her skill with words to flourish.<\/p>\n<p><strong>Download text and images:<\/strong> <span class=\"doc-icon\"><a class=\"doc-type zip\" href=\"https:\/\/www.wisconsin.edu\/news\/download\/science-writing_UW-Whitewater_UWNS_2026-04-20.zip\" target=\"_blank\">Science writing<span class=\"sr-only\"> zip<\/span><\/a><\/span>\r\n<\/p>\n<p><\/div><\/div>\n<\/div>\n\t\t\t<\/div>\n\t\t\t<div class=\"cfct-module uwsa-rich-text\">\n\t\t\t\t<div class=\"cfct-mod-content copy\"><p><div class=\"row\"><div class=\"col-lg-3\"><\/p>\n<p><a href=\"https:\/\/www.wisconsin.edu\/news\/wp-content\/uploads\/sites\/142\/2026\/04\/UWNS_thumbnail_SUP_2026-04-20_refugee-experience3x2.jpg\"><img loading=\"lazy\" decoding=\"async\" class=\"alignnone size-full wp-image-23759\" src=\"https:\/\/www.wisconsin.edu\/news\/wp-content\/uploads\/sites\/142\/2026\/04\/UWNS_thumbnail_SUP_2026-04-20_refugee-experience3x2.jpg\" alt=\"Photo of UW-Superior event\" width=\"300\" height=\"200\" \/><\/a><\/p>\n<p><\/div><br \/>\n<div class=\"col-lg-9\"><\/p>\n<h5><a href=\"https:\/\/nam10.safelinks.protection.outlook.com\/?url=https%3A%2F%2Fuwsuper.edu%2Fabout%2Fnews%2Frefugee-experience-comes-alive-outside-the-classroom%2F&amp;data=05%7C02%7Cmark.pitsch%40wisconsin.edu%7C6f89dc1e71d24a5d837108de9012bd84%7C18b1f8672df046a08ad305c86000c301%7C0%7C0%7C639106607342660194%7CUnknown%7CTWFpbGZsb3d8eyJFbXB0eU1hcGkiOnRydWUsIlYiOiIwLjAuMDAwMCIsIlAiOiJXaW4zMiIsIkFOIjoiTWFpbCIsIldUIjoyfQ%3D%3D%7C0%7C%7C%7C&amp;sdata=tXKiC%2FJnm2%2B8YSlGE8ua7jABXA02oRXoKIPYxbBmVkQ%3D&amp;reserved=0\">Refugee experience comes alive outside the classroom<\/a><\/h5>\n<figure class=\"feature-photo\"><figcaption>Students in Professor Khalil (Haji) Dokhanchi\u2019s Introduction to Comparative Politics course at the University of Wisconsin-Superior recently stepped beyond the traditional classroom to create an immersive learning experience centered on the global refugee crisis. In partnership with the American Red Cross, the class designed and hosted an interactive exhibit that invited campus visitors to explore the everyday challenges faced by displaced people around the world.<\/p>\n<p><strong>Download text and images:<\/strong> <span class=\"doc-icon\"><a class=\"doc-type zip\" href=\"https:\/\/www.wisconsin.edu\/news\/download\/refugee-experience_UW-Superior_2026-04-20.zip\" target=\"_blank\">Refugee experience<span class=\"sr-only\"> zip<\/span><\/a><\/span>\r\n<\/div><\/div><\/figcaption><\/figure>\n<\/div>\n\t\t\t<\/div><\/div><\/div>\n\t\t\t\t\t<\/div>\n\t\t\t\t\t","protected":false},"excerpt":{"rendered":"","protected":false},"author":44,"featured_media":0,"parent":0,"menu_order":0,"comment_status":"closed","ping_status":"closed","template":"","meta":{"footnotes":""},"class_list":["post-14443","page","type-page","status-publish","hentry","cfct-can-haz-build"],"_links":{"self":[{"href":"https:\/\/www.wisconsin.edu\/news\/wp-json\/wp\/v2\/pages\/14443","targetHints":{"allow":["GET"]}}],"collection":[{"href":"https:\/\/www.wisconsin.edu\/news\/wp-json\/wp\/v2\/pages"}],"about":[{"href":"https:\/\/www.wisconsin.edu\/news\/wp-json\/wp\/v2\/types\/page"}],"author":[{"embeddable":true,"href":"https:\/\/www.wisconsin.edu\/news\/wp-json\/wp\/v2\/users\/44"}],"replies":[{"embeddable":true,"href":"https:\/\/www.wisconsin.edu\/news\/wp-json\/wp\/v2\/comments?post=14443"}],"version-history":[{"count":40,"href":"https:\/\/www.wisconsin.edu\/news\/wp-json\/wp\/v2\/pages\/14443\/revisions"}],"predecessor-version":[{"id":23841,"href":"https:\/\/www.wisconsin.edu\/news\/wp-json\/wp\/v2\/pages\/14443\/revisions\/23841"}],"wp:attachment":[{"href":"https:\/\/www.wisconsin.edu\/news\/wp-json\/wp\/v2\/media?parent=14443"}],"curies":[{"name":"wp","href":"https:\/\/api.w.org\/{rel}","templated":true}]}}